{"id":10,"date":"2025-08-06T06:42:21","date_gmt":"2025-08-06T06:42:21","guid":{"rendered":"https:\/\/somostradingesp.com\/?page_id=10"},"modified":"2025-10-30T09:20:05","modified_gmt":"2025-10-30T08:20:05","slug":"inicio","status":"publish","type":"page","link":"https:\/\/somostradingesp.com\/","title":{"rendered":"Inicio"},"content":{"rendered":"\t\t<div data-elementor-type=\"wp-page\" data-elementor-id=\"10\" class=\"elementor elementor-10\" data-elementor-post-type=\"page\">\n\t\t\t\t<div class=\"elementor-element elementor-element-1658bbd e-flex e-con-boxed e-con e-parent\" data-id=\"1658bbd\" data-element_type=\"container\">\n\t\t\t\t\t<div class=\"e-con-inner\">\n\t\t\t\t<div class=\"elementor-element elementor-element-588e980 elementor-widget elementor-widget-heading\" data-id=\"588e980\" data-element_type=\"widget\" data-widget_type=\"heading.default\">\n\t\t\t\t\t<h1 class=\"elementor-heading-title elementor-size-default\">Hemos creado un <font color=\"#0gg27\">copy-trading <\/font>que trabaja para t\u00ed, generamos rendimientos automatizados para que puedas tener libertad financiera<br><br><p data-start=\"735\" data-end=\"1041\"><strong data-start=\"735\" data-end=\"763\">Somos traders, no gur\u00fas.<\/strong><br data-start=\"763\" data-end=\"766\">\nNacimos de la pasi\u00f3n por los mercados financieros y la necesidad de compartir un m\u00e9todo de trading claro, transparente y efectivo.<br data-start=\"896\" data-end=\"899\">\nEn <strong data-start=\"902\" data-end=\"919\">Somos Trading<\/strong>, creemos que cualquiera puede alcanzar la libertad financiera si tiene el conocimiento correcto y la mentalidad adecuada.<\/p>\n<p data-start=\"1043\" data-end=\"1200\"><strong data-start=\"1043\" data-end=\"1062\">Nuestra misi\u00f3n:<\/strong> formar traders rentables y conscientes.<br data-start=\"1102\" data-end=\"1105\">\n<strong data-start=\"1105\" data-end=\"1124\">Nuestra visi\u00f3n:<\/strong> una comunidad de inversores que vive del trading con disciplina y libertad.<\/p><br><p data-start=\"1238\" data-end=\"1451\"><strong data-start=\"1238\" data-end=\"1279\">Aprende a operar como un profesional.<\/strong><br data-start=\"1279\" data-end=\"1282\">\nDesde principiantes hasta traders avanzados, tenemos programas dise\u00f1ados para cada nivel.<br data-start=\"1371\" data-end=\"1374\">\nNuestros cursos combinan teor\u00eda, pr\u00e1ctica y acompa\u00f1amiento real en mercado.<\/p>\n<p data-start=\"1453\" data-end=\"1578\">\u2714\ufe0f An\u00e1lisis t\u00e9cnico y fundamental<br data-start=\"1486\" data-end=\"1489\">\n\u2714\ufe0f Gesti\u00f3n del riesgo y psicolog\u00eda del trading<br data-start=\"1535\" data-end=\"1538\">\n\u2714\ufe0f Estrategias probadas en tiempo real<\/p>\n\ud83d\udc49 Transforma tu forma de operar y empieza a generar resultados consistentes.<\/h1>\t\t\t\t<\/div>\n\t\t\t\t\t<\/div>\n\t\t\t\t<\/div>\n\t\t<div class=\"elementor-element elementor-element-71bf61c e-flex e-con-boxed e-con e-parent\" data-id=\"71bf61c\" data-element_type=\"container\">\n\t\t\t\t\t<div class=\"e-con-inner\">\n\t\t<div class=\"elementor-element elementor-element-6c47699 e-con-full e-flex e-con e-child\" data-id=\"6c47699\" data-element_type=\"container\">\n\t\t\t\t<div class=\"elementor-element elementor-element-e7d75df elementor-widget elementor-widget-text-editor\" data-id=\"e7d75df\" data-element_type=\"widget\" data-widget_type=\"text-editor.default\">\n\t\t\t\t\t\t\t\t\t<p>Rendimientos auditados en My fx book <a href=\"https:\/\/www.myfxbook.com\/members\/JustLookClub\">AQU\u00cd.\u00a0<\/a><\/p>\t\t\t\t\t\t\t\t<\/div>\n\t\t\t\t<\/div>\n\t\t\t\t\t<\/div>\n\t\t\t\t<\/div>\n\t\t\t\t<\/div>\n\t\t","protected":false},"excerpt":{"rendered":"<p>Hemos creado un copy-trading que trabaja para t\u00ed, generamos rendimientos automatizados para que puedas tener libertad financiera Somos traders, no gur\u00fas. Nacimos de la pasi\u00f3n por los mercados financieros y la necesidad de compartir un m\u00e9todo de trading claro, transparente y efectivo. En Somos Trading, creemos que cualquiera puede alcanzar la libertad financiera si tiene [&hellip;]<\/p>\n","protected":false},"author":1,"featured_media":0,"parent":0,"menu_order":0,"comment_status":"closed","ping_status":"closed","template":"elementor_header_footer","meta":{"_joinchat":[],"footnotes":""},"class_list":["post-10","page","type-page","status-publish","hentry"],"_links":{"self":[{"href":"https:\/\/somostradingesp.com\/index.php?rest_route=\/wp\/v2\/pages\/10","targetHints":{"allow":["GET"]}}],"collection":[{"href":"https:\/\/somostradingesp.com\/index.php?rest_route=\/wp\/v2\/pages"}],"about":[{"href":"https:\/\/somostradingesp.com\/index.php?rest_route=\/wp\/v2\/types\/page"}],"author":[{"embeddable":true,"href":"https:\/\/somostradingesp.com\/index.php?rest_route=\/wp\/v2\/users\/1"}],"replies":[{"embeddable":true,"href":"https:\/\/somostradingesp.com\/index.php?rest_route=%2Fwp%2Fv2%2Fcomments&post=10"}],"version-history":[{"count":124,"href":"https:\/\/somostradingesp.com\/index.php?rest_route=\/wp\/v2\/pages\/10\/revisions"}],"predecessor-version":[{"id":245,"href":"https:\/\/somostradingesp.com\/index.php?rest_route=\/wp\/v2\/pages\/10\/revisions\/245"}],"wp:attachment":[{"href":"https:\/\/somostradingesp.com\/index.php?rest_route=%2Fwp%2Fv2%2Fmedia&parent=10"}],"curies":[{"name":"wp","href":"https:\/\/api.w.org\/{rel}","templated":true}]}}